{"id":1144,"date":"2020-03-31T23:26:40","date_gmt":"2020-03-31T23:26:40","guid":{"rendered":"http:\/\/s284266986.online.de\/?page_id=1144"},"modified":"2020-04-07T18:46:33","modified_gmt":"2020-04-07T18:46:33","slug":"impressum","status":"publish","type":"page","link":"https:\/\/satoguitars.de\/en\/impressum","title":{"rendered":"Impressum"},"content":{"rendered":"<div data-elementor-type=\"wp-page\" data-elementor-id=\"1144\" class=\"elementor elementor-1144\">\n\t\t\t\t\t\t<section class=\"elementor-section elementor-top-section elementor-element elementor-element-94e480e elementor-section-boxed elementor-section-height-default elementor-section-height-default\" data-id=\"94e480e\" data-element_type=\"section\" data-settings=\"{&quot;background_background&quot;:&quot;classic&quot;}\">\n\t\t\t\t\t\t\t<div class=\"elementor-background-overlay\"><\/div>\n\t\t\t\t\t\t\t<div class=\"elementor-container elementor-column-gap-default\">\n\t\t\t\t\t<div class=\"elementor-column elementor-col-100 elementor-top-column elementor-element elementor-element-157a0cb\" data-id=\"157a0cb\" data-element_type=\"column\">\n\t\t\t<div class=\"elementor-widget-wrap elementor-element-populated\">\n\t\t\t\t\t\t<section class=\"elementor-section elementor-inner-section elementor-element elementor-element-1eb369f elementor-section-boxed elementor-section-height-default elementor-section-height-default\" data-id=\"1eb369f\" data-element_type=\"section\">\n\t\t\t\t\t\t<div class=\"elementor-container elementor-column-gap-default\">\n\t\t\t\t\t<div class=\"elementor-column elementor-col-100 elementor-inner-column elementor-element elementor-element-7367930\" data-id=\"7367930\" data-element_type=\"column\">\n\t\t\t<div class=\"elementor-widget-wrap elementor-element-populated\">\n\t\t\t\t\t\t<div class=\"elementor-element elementor-element-1d8a85a elementor-widget elementor-widget-spacer\" data-id=\"1d8a85a\" data-element_type=\"widget\" data-widget_type=\"spacer.default\">\n\t\t\t\t<div class=\"elementor-widget-container\">\n\t\t\t\t\t\t\t<div class=\"elementor-spacer\">\n\t\t\t<div class=\"elementor-spacer-inner\"><\/div>\n\t\t<\/div>\n\t\t\t\t\t\t<\/div>\n\t\t\t\t<\/div>\n\t\t\t\t\t<\/div>\n\t\t<\/div>\n\t\t\t\t\t<\/div>\n\t\t<\/section>\n\t\t\t\t\t<\/div>\n\t\t<\/div>\n\t\t\t\t\t<\/div>\n\t\t<\/section>\n\t\t\t\t<section class=\"elementor-section elementor-top-section elementor-element elementor-element-4fcc104 elementor-reverse-tablet elementor-reverse-mobile elementor-section-boxed elementor-section-height-default elementor-section-height-default\" data-id=\"4fcc104\" data-element_type=\"section\" data-settings=\"{&quot;background_background&quot;:&quot;classic&quot;}\">\n\t\t\t\t\t\t\t<div class=\"elementor-background-overlay\"><\/div>\n\t\t\t\t\t\t\t<div class=\"elementor-container elementor-column-gap-default\">\n\t\t\t\t\t<div class=\"elementor-column elementor-col-100 elementor-top-column elementor-element elementor-element-0188755\" data-id=\"0188755\" data-element_type=\"column\" data-settings=\"{&quot;background_background&quot;:&quot;classic&quot;}\">\n\t\t\t<div class=\"elementor-widget-wrap elementor-element-populated\">\n\t\t\t\t\t\t<section class=\"elementor-section elementor-inner-section elementor-element elementor-element-eeb620a animated-slow elementor-section-boxed elementor-section-height-default elementor-section-height-default elementor-invisible\" data-id=\"eeb620a\" data-element_type=\"section\" data-settings=\"{&quot;animation&quot;:&quot;fadeIn&quot;}\">\n\t\t\t\t\t\t<div class=\"elementor-container elementor-column-gap-default\">\n\t\t\t\t\t<div class=\"elementor-column elementor-col-100 elementor-inner-column elementor-element elementor-element-1f8c602\" data-id=\"1f8c602\" data-element_type=\"column\">\n\t\t\t<div class=\"elementor-widget-wrap elementor-element-populated\">\n\t\t\t\t\t\t<div class=\"elementor-element elementor-element-a340d6e elementor-widget elementor-widget-text-editor\" data-id=\"a340d6e\" data-element_type=\"widget\" data-widget_type=\"text-editor.default\">\n\t\t\t\t<div class=\"elementor-widget-container\">\n\t\t\t\t\t\t\t\t\t<h5><strong>Impressum<\/strong><\/h5><p>\u00a0<\/p><p>Sato Guitars<\/p><p>Kazuo Sato<br \/>Heiligenstra\u00dfe 27<br \/>66740 Saarlouis<br \/>Germany<\/p><p>Tel +49 (0) 6831 80 400<br \/>Mail:\u00a0<a href=\"\/en\/&\/#x6d;&#x61;&#x69;&#x6c;&#116;&#111;&#58;in&#x66;&#x6f;&#x40;&#x73;&#x61;&#116;&#111;&#103;ui&#x74;&#x61;&#x72;&#x2e;&#x63;&#111;&#109;\">inf&#111;&#64;&#115;&#97;&#x74;&#x6f;&#x67;&#x75;&#x69;&#x74;&#x61;r&#46;c&#111;&#109;<\/a><\/p><p>UST.-ID.Nr.: DE 137 846 155<\/p><p>\u00a0<\/p><h5>Haftungsausschluss (Disclaimer)<\/h5><p>\u00a0<\/p><h5>Haftung f\u00fcr Inhalte<\/h5><p>Als Diensteanbieter sind wir gem\u00e4\u00df \u00a7 7 Abs.1 TMG f\u00fcr eigene Inhalte auf diesen Seiten nach den allgemeinen Gesetzen verantwortlich. Nach \u00a7\u00a7 8 bis 10 TMG sind wir als Diensteanbieter jedoch nicht verpflichtet, \u00fcbermittelte oder gespeicherte fremde Informationen zu \u00fcberwachen oder nach Umst\u00e4nden zu forschen, die auf eine rechtswidrige T\u00e4tigkeit hinweisen. Verpflichtungen zur Entfernung oder Sperrung der Nutzung von Informationen nach den allgemeinen Gesetzen bleiben hiervon unber\u00fchrt. Eine diesbez\u00fcgliche Haftung ist jedoch erst ab dem Zeitpunkt der Kenntnis einer konkreten Rechtsverletzung m\u00f6glich. Bei Bekanntwerden von entsprechenden Rechtsverletzungen werden wir diese Inhalte umgehend entfernen.<\/p><h5>Haftung f\u00fcr Links<\/h5><p>Unser Angebot enth\u00e4lt Links zu externen Webseiten Dritter, auf deren Inhalte wir keinen Einfluss haben. Deshalb k\u00f6nnen wir f\u00fcr diese fremden Inhalte auch keine Gew\u00e4hr \u00fcbernehmen. F\u00fcr die Inhalte der verlinkten Seiten ist stets der jeweilige Anbieter oder Betreiber der Seiten verantwortlich. Die verlinkten Seiten wurden zum Zeitpunkt der Verlinkung auf m\u00f6gliche Rechtsverst\u00f6\u00dfe \u00fcberpr\u00fcft. Rechtswidrige Inhalte waren zum Zeitpunkt der Verlinkung nicht erkennbar. Eine permanente inhaltliche Kontrolle der verlinkten Seiten ist jedoch ohne konkrete Anhaltspunkte einer Rechtsverletzung nicht zumutbar. Bei Bekanntwerden von Rechtsverletzungen werden wir derartige Links umgehend entfernen.<\/p><h5>Urheberrecht<\/h5><p>Die durch die Seitenbetreiber erstellten Inhalte und Werke auf diesen Seiten unterliegen dem deutschen Urheberrecht. Die Vervielf\u00e4ltigung, Bearbeitung, Verbreitung und jede Art der Verwertung au\u00dferhalb der Grenzen des Urheberrechtes bed\u00fcrfen der schriftlichen Zustimmung des jeweiligen Autors bzw. Erstellers. Downloads und Kopien dieser Seite sind nur f\u00fcr den privaten, nicht kommerziellen Gebrauch gestattet. Soweit die Inhalte auf dieser Seite nicht vom Betreiber erstellt wurden, werden die Urheberrechte Dritter beachtet. Insbesondere werden Inhalte Dritter als solche gekennzeichnet. Sollten Sie trotzdem auf eine Urheberrechtsverletzung aufmerksam werden, bitten wir um einen entsprechenden Hinweis. Bei Bekanntwerden von Rechtsverletzungen werden wir derartige Inhalte umgehend entfernen.<\/p>\t\t\t\t\t\t\t\t<\/div>\n\t\t\t\t<\/div>\n\t\t\t\t\t<\/div>\n\t\t<\/div>\n\t\t\t\t\t<\/div>\n\t\t<\/section>\n\t\t\t\t\t<\/div>\n\t\t<\/div>\n\t\t\t\t\t<\/div>\n\t\t<\/section>\n\t\t\t\t<\/div>","protected":false},"excerpt":{"rendered":"<p>Impressum \u00a0 Sato Guitars Kazuo SatoHeiligenstra\u00dfe 2766740 SaarlouisGermany Tel +49 (0) 6831 80 400Mail:\u00a0&#105;n&#x66;o&#x40;&#115;&#x61;&#116;&#x6f;&#103;u&#x69;t&#x61;&#114;&#x2e;&#99;&#x6f;&#109; UST.-ID.Nr.: DE 137 846 155 \u00a0 Haftungsausschluss (Disclaimer) \u00a0 Haftung f\u00fcr Inhalte Als Diensteanbieter sind wir gem\u00e4\u00df \u00a7 7 Abs.1 TMG f\u00fcr eigene Inhalte auf diesen Seiten nach den allgemeinen Gesetzen verantwortlich. Nach \u00a7\u00a7 8 bis 10 TMG sind wir als [&hellip;]<\/p>","protected":false},"author":1,"featured_media":0,"parent":0,"menu_order":0,"comment_status":"closed","ping_status":"closed","template":"elementor_header_footer","meta":{"site-sidebar-layout":"no-sidebar","site-content-layout":"default","ast-site-content-layout":"","site-content-style":"default","site-sidebar-style":"default","ast-global-header-display":"","ast-banner-title-visibility":"","ast-main-header-display":"","ast-hfb-above-header-display":"","ast-hfb-below-header-display":"","ast-hfb-mobile-header-display":"","site-post-title":"disabled","ast-breadcrumbs-content":"","ast-featured-img":"disabled","footer-sml-layout":"","theme-transparent-header-meta":"enabled","adv-header-id-meta":"","stick-header-meta":"","header-above-stick-meta":"","header-main-stick-meta":"","header-below-stick-meta":"","astra-migrate-meta-layouts":"default","ast-page-background-enabled":"default","ast-page-background-meta":{"desktop":{"background-color":"","background-image":"","background-repeat":"repeat","background-position":"center center","background-size":"auto","background-attachment":"scroll","background-type":"","background-media":"","overlay-type":"","overlay-color":"","overlay-opacity":"","overlay-gradient":""},"tablet":{"background-color":"","background-image":"","background-repeat":"repeat","background-position":"center center","background-size":"auto","background-attachment":"scroll","background-type":"","background-media":"","overlay-type":"","overlay-color":"","overlay-opacity":"","overlay-gradient":""},"mobile":{"background-color":"","background-image":"","background-repeat":"repeat","background-position":"center center","background-size":"auto","background-attachment":"scroll","background-type":"","background-media":"","overlay-type":"","overlay-color":"","overlay-opacity":"","overlay-gradient":""}},"ast-content-background-meta":{"desktop":{"background-color":"var(--ast-global-color-5)","background-image":"","background-repeat":"repeat","background-position":"center center","background-size":"auto","background-attachment":"scroll","background-type":"","background-media":"","overlay-type":"","overlay-color":"","overlay-opacity":"","overlay-gradient":""},"tablet":{"background-color":"var(--ast-global-color-5)","background-image":"","background-repeat":"repeat","background-position":"center center","background-size":"auto","background-attachment":"scroll","background-type":"","background-media":"","overlay-type":"","overlay-color":"","overlay-opacity":"","overlay-gradient":""},"mobile":{"background-color":"var(--ast-global-color-5)","background-image":"","background-repeat":"repeat","background-position":"center center","background-size":"auto","background-attachment":"scroll","background-type":"","background-media":"","overlay-type":"","overlay-color":"","overlay-opacity":"","overlay-gradient":""}},"footnotes":""},"class_list":["post-1144","page","type-page","status-publish","hentry"],"yoast_head":"<!-- This site is optimized with the Yoast SEO plugin v24.9 - https:\/\/yoast.com\/wordpress\/plugins\/seo\/ -->\n<title>Impressum - Sato Guitars<\/title>\n<meta name=\"robots\" content=\"index, follow, max-snippet:-1, max-image-preview:large, max-video-preview:-1\" \/>\n<link rel=\"canonical\" href=\"https:\/\/satoguitars.de\/en\/impressum\/\" \/>\n<meta property=\"og:locale\" content=\"en_GB\" \/>\n<meta property=\"og:type\" content=\"article\" \/>\n<meta property=\"og:title\" content=\"Impressum - Sato Guitars\" \/>\n<meta property=\"og:description\" content=\"Impressum \u00a0 Sato Guitars Kazuo SatoHeiligenstra\u00dfe 2766740 SaarlouisGermany Tel +49 (0) 6831 80 400Mail:\u00a0&#105;&#x6e;f&#x6f;&#x40;&#115;&#x61;t&#x6f;&#x67;&#117;&#x69;t&#x61;&#x72;&#046;&#x63;o&#x6d; UST.-ID.Nr.: DE 137 846 155 \u00a0 Haftungsausschluss (Disclaimer) \u00a0 Haftung f\u00fcr Inhalte Als Diensteanbieter sind wir gem\u00e4\u00df \u00a7 7 Abs.1 TMG f\u00fcr eigene Inhalte auf diesen Seiten nach den allgemeinen Gesetzen verantwortlich. Nach \u00a7\u00a7 8 bis 10 TMG sind wir als [&hellip;]\" \/>\n<meta property=\"og:url\" content=\"https:\/\/satoguitars.de\/en\/impressum\/\" \/>\n<meta property=\"og:site_name\" content=\"Sato Guitars\" \/>\n<meta property=\"article:publisher\" content=\"https:\/\/www.facebook.com\/satoguitar\/\" \/>\n<meta property=\"article:modified_time\" content=\"2020-04-07T18:46:33+00:00\" \/>\n<meta name=\"twitter:card\" content=\"summary_large_image\" \/>\n<meta name=\"twitter:label1\" content=\"Estimated reading time\" \/>\n\t<meta name=\"twitter:data1\" content=\"2 minutes\" \/>\n<script type=\"application\/ld+json\" class=\"yoast-schema-graph\">{\"@context\":\"https:\/\/schema.org\",\"@graph\":[{\"@type\":\"WebPage\",\"@id\":\"https:\/\/satoguitars.de\/impressum\",\"url\":\"https:\/\/satoguitars.de\/impressum\",\"name\":\"Impressum - Sato Guitars\",\"isPartOf\":{\"@id\":\"https:\/\/satoguitars.de\/#website\"},\"datePublished\":\"2020-03-31T23:26:40+00:00\",\"dateModified\":\"2020-04-07T18:46:33+00:00\",\"breadcrumb\":{\"@id\":\"https:\/\/satoguitars.de\/impressum#breadcrumb\"},\"inLanguage\":\"en-GB\",\"potentialAction\":[{\"@type\":\"ReadAction\",\"target\":[\"https:\/\/satoguitars.de\/impressum\"]}]},{\"@type\":\"BreadcrumbList\",\"@id\":\"https:\/\/satoguitars.de\/impressum#breadcrumb\",\"itemListElement\":[{\"@type\":\"ListItem\",\"position\":1,\"name\":\"Startseite\",\"item\":\"https:\/\/satoguitars.de\/\"},{\"@type\":\"ListItem\",\"position\":2,\"name\":\"Impressum\"}]},{\"@type\":\"WebSite\",\"@id\":\"https:\/\/satoguitars.de\/#website\",\"url\":\"https:\/\/satoguitars.de\/\",\"name\":\"Sato Guitars\",\"description\":\"Atelier\",\"publisher\":{\"@id\":\"https:\/\/satoguitars.de\/#organization\"},\"potentialAction\":[{\"@type\":\"SearchAction\",\"target\":{\"@type\":\"EntryPoint\",\"urlTemplate\":\"https:\/\/satoguitars.de\/?s={search_term_string}\"},\"query-input\":{\"@type\":\"PropertyValueSpecification\",\"valueRequired\":true,\"valueName\":\"search_term_string\"}}],\"inLanguage\":\"en-GB\"},{\"@type\":\"Organization\",\"@id\":\"https:\/\/satoguitars.de\/#organization\",\"name\":\"Sato Guitars\",\"url\":\"https:\/\/satoguitars.de\/\",\"logo\":{\"@type\":\"ImageObject\",\"inLanguage\":\"en-GB\",\"@id\":\"https:\/\/satoguitars.de\/#\/schema\/logo\/image\/\",\"url\":\"https:\/\/satoguitars.de\/wp-content\/uploads\/2020\/04\/Gitarrenlinie-mit-Logo-transparent-Atelier-x2.png\",\"contentUrl\":\"https:\/\/satoguitars.de\/wp-content\/uploads\/2020\/04\/Gitarrenlinie-mit-Logo-transparent-Atelier-x2.png\",\"width\":800,\"height\":222,\"caption\":\"Sato Guitars\"},\"image\":{\"@id\":\"https:\/\/satoguitars.de\/#\/schema\/logo\/image\/\"},\"sameAs\":[\"https:\/\/www.facebook.com\/satoguitar\/\",\"https:\/\/www.youtube.com\/channel\/UCsP8X2yfXgfF_kbww13XtVQ\"]}]}<\/script>\n<!-- \/ Yoast SEO plugin. -->","yoast_head_json":{"title":"Impressum - Sato Guitars","robots":{"index":"index","follow":"follow","max-snippet":"max-snippet:-1","max-image-preview":"max-image-preview:large","max-video-preview":"max-video-preview:-1"},"canonical":"https:\/\/satoguitars.de\/en\/impressum\/","og_locale":"en_GB","og_type":"article","og_title":"Impressum - Sato Guitars","og_description":"Impressum \u00a0 Sato Guitars Kazuo SatoHeiligenstra\u00dfe 2766740 SaarlouisGermany Tel +49 (0) 6831 80 400Mail:\u00a0&#105;&#x6e;f&#x6f;&#x40;&#115;&#x61;t&#x6f;&#x67;&#117;&#x69;t&#x61;&#x72;&#46;&#x63;o&#x6d; UST.-ID.Nr.: DE 137 846 155 \u00a0 Haftungsausschluss (Disclaimer) \u00a0 Haftung f\u00fcr Inhalte Als Diensteanbieter sind wir gem\u00e4\u00df \u00a7 7 Abs.1 TMG f\u00fcr eigene Inhalte auf diesen Seiten nach den allgemeinen Gesetzen verantwortlich. Nach \u00a7\u00a7 8 bis 10 TMG sind wir als [&hellip;]","og_url":"https:\/\/satoguitars.de\/en\/impressum\/","og_site_name":"Sato Guitars","article_publisher":"https:\/\/www.facebook.com\/satoguitar\/","article_modified_time":"2020-04-07T18:46:33+00:00","twitter_card":"summary_large_image","twitter_misc":{"Estimated reading time":"2 minutes"},"schema":{"@context":"https:\/\/schema.org","@graph":[{"@type":"WebPage","@id":"https:\/\/satoguitars.de\/impressum","url":"https:\/\/satoguitars.de\/impressum","name":"Impressum - Sato Guitars","isPartOf":{"@id":"https:\/\/satoguitars.de\/#website"},"datePublished":"2020-03-31T23:26:40+00:00","dateModified":"2020-04-07T18:46:33+00:00","breadcrumb":{"@id":"https:\/\/satoguitars.de\/impressum#breadcrumb"},"inLanguage":"en-GB","potentialAction":[{"@type":"ReadAction","target":["https:\/\/satoguitars.de\/impressum"]}]},{"@type":"BreadcrumbList","@id":"https:\/\/satoguitars.de\/impressum#breadcrumb","itemListElement":[{"@type":"ListItem","position":1,"name":"Startseite","item":"https:\/\/satoguitars.de\/"},{"@type":"ListItem","position":2,"name":"Impressum"}]},{"@type":"WebSite","@id":"https:\/\/satoguitars.de\/#website","url":"https:\/\/satoguitars.de\/","name":"Sato Guitars","description":"Atelier","publisher":{"@id":"https:\/\/satoguitars.de\/#organization"},"potentialAction":[{"@type":"SearchAction","target":{"@type":"EntryPoint","urlTemplate":"https:\/\/satoguitars.de\/?s={search_term_string}"},"query-input":{"@type":"PropertyValueSpecification","valueRequired":true,"valueName":"search_term_string"}}],"inLanguage":"en-GB"},{"@type":"Organization","@id":"https:\/\/satoguitars.de\/#organization","name":"Sato Guitars","url":"https:\/\/satoguitars.de\/","logo":{"@type":"ImageObject","inLanguage":"en-GB","@id":"https:\/\/satoguitars.de\/#\/schema\/logo\/image\/","url":"https:\/\/satoguitars.de\/wp-content\/uploads\/2020\/04\/Gitarrenlinie-mit-Logo-transparent-Atelier-x2.png","contentUrl":"https:\/\/satoguitars.de\/wp-content\/uploads\/2020\/04\/Gitarrenlinie-mit-Logo-transparent-Atelier-x2.png","width":800,"height":222,"caption":"Sato Guitars"},"image":{"@id":"https:\/\/satoguitars.de\/#\/schema\/logo\/image\/"},"sameAs":["https:\/\/www.facebook.com\/satoguitar\/","https:\/\/www.youtube.com\/channel\/UCsP8X2yfXgfF_kbww13XtVQ"]}]}},"_links":{"self":[{"href":"https:\/\/satoguitars.de\/en\/wp-json\/wp\/v2\/pages\/1144","targetHints":{"allow":["GET"]}}],"collection":[{"href":"https:\/\/satoguitars.de\/en\/wp-json\/wp\/v2\/pages"}],"about":[{"href":"https:\/\/satoguitars.de\/en\/wp-json\/wp\/v2\/types\/page"}],"author":[{"embeddable":true,"href":"https:\/\/satoguitars.de\/en\/wp-json\/wp\/v2\/users\/1"}],"replies":[{"embeddable":true,"href":"https:\/\/satoguitars.de\/en\/wp-json\/wp\/v2\/comments?post=1144"}],"version-history":[{"count":4,"href":"https:\/\/satoguitars.de\/en\/wp-json\/wp\/v2\/pages\/1144\/revisions"}],"predecessor-version":[{"id":1317,"href":"https:\/\/satoguitars.de\/en\/wp-json\/wp\/v2\/pages\/1144\/revisions\/1317"}],"wp:attachment":[{"href":"https:\/\/satoguitars.de\/en\/wp-json\/wp\/v2\/media?parent=1144"}],"curies":[{"name":"wp","href":"https:\/\/api.w.org\/{rel}","templated":true}]}}