{"id":517,"date":"2020-03-02T22:24:58","date_gmt":"2020-03-02T22:24:58","guid":{"rendered":"http:\/\/s284266986.online.de\/?page_id=517"},"modified":"2022-02-11T14:45:06","modified_gmt":"2022-02-11T14:45:06","slug":"uber-uns","status":"publish","type":"page","link":"https:\/\/satoguitars.de\/en\/uber-uns","title":{"rendered":"About us"},"content":{"rendered":"<div data-elementor-type=\"wp-page\" data-elementor-id=\"517\" class=\"elementor elementor-517\">\n\t\t\t\t\t\t<section class=\"elementor-section elementor-top-section elementor-element elementor-element-94e480e elementor-section-boxed elementor-section-height-default elementor-section-height-default\" data-id=\"94e480e\" data-element_type=\"section\" data-settings=\"{&quot;background_background&quot;:&quot;classic&quot;}\">\n\t\t\t\t\t\t\t<div class=\"elementor-background-overlay\"><\/div>\n\t\t\t\t\t\t\t<div class=\"elementor-container elementor-column-gap-default\">\n\t\t\t\t\t<div class=\"elementor-column elementor-col-100 elementor-top-column elementor-element elementor-element-157a0cb\" data-id=\"157a0cb\" data-element_type=\"column\">\n\t\t\t<div class=\"elementor-widget-wrap elementor-element-populated\">\n\t\t\t\t\t\t<section class=\"elementor-section elementor-inner-section elementor-element elementor-element-1eb369f elementor-section-boxed elementor-section-height-default elementor-section-height-default\" data-id=\"1eb369f\" data-element_type=\"section\">\n\t\t\t\t\t\t<div class=\"elementor-container elementor-column-gap-default\">\n\t\t\t\t\t<div class=\"elementor-column elementor-col-100 elementor-inner-column elementor-element elementor-element-7367930\" data-id=\"7367930\" data-element_type=\"column\">\n\t\t\t<div class=\"elementor-widget-wrap elementor-element-populated\">\n\t\t\t\t\t\t<div class=\"elementor-element elementor-element-1d8a85a elementor-widget elementor-widget-spacer\" data-id=\"1d8a85a\" data-element_type=\"widget\" data-widget_type=\"spacer.default\">\n\t\t\t\t<div class=\"elementor-widget-container\">\n\t\t\t\t\t\t\t<div class=\"elementor-spacer\">\n\t\t\t<div class=\"elementor-spacer-inner\"><\/div>\n\t\t<\/div>\n\t\t\t\t\t\t<\/div>\n\t\t\t\t<\/div>\n\t\t\t\t\t<\/div>\n\t\t<\/div>\n\t\t\t\t\t<\/div>\n\t\t<\/section>\n\t\t\t\t\t<\/div>\n\t\t<\/div>\n\t\t\t\t\t<\/div>\n\t\t<\/section>\n\t\t\t\t<section class=\"elementor-section elementor-top-section elementor-element elementor-element-4fcc104 elementor-reverse-tablet elementor-reverse-mobile elementor-section-boxed elementor-section-height-default elementor-section-height-default\" data-id=\"4fcc104\" data-element_type=\"section\" data-settings=\"{&quot;background_background&quot;:&quot;classic&quot;,&quot;animation&quot;:&quot;none&quot;}\">\n\t\t\t\t\t\t\t<div class=\"elementor-background-overlay\"><\/div>\n\t\t\t\t\t\t\t<div class=\"elementor-container elementor-column-gap-default\">\n\t\t\t\t\t<div class=\"elementor-column elementor-col-100 elementor-top-column elementor-element elementor-element-0188755\" data-id=\"0188755\" data-element_type=\"column\" data-settings=\"{&quot;background_background&quot;:&quot;classic&quot;}\">\n\t\t\t<div class=\"elementor-widget-wrap elementor-element-populated\">\n\t\t\t\t\t\t<section class=\"elementor-section elementor-inner-section elementor-element elementor-element-eeb620a elementor-section-boxed elementor-section-height-default elementor-section-height-default elementor-invisible\" data-id=\"eeb620a\" data-element_type=\"section\" data-settings=\"{&quot;animation&quot;:&quot;fadeIn&quot;}\">\n\t\t\t\t\t\t<div class=\"elementor-container elementor-column-gap-default\">\n\t\t\t\t\t<div class=\"elementor-column elementor-col-100 elementor-inner-column elementor-element elementor-element-1f8c602\" data-id=\"1f8c602\" data-element_type=\"column\">\n\t\t\t<div class=\"elementor-widget-wrap elementor-element-populated\">\n\t\t\t\t\t\t<div class=\"elementor-element elementor-element-e1af475 elementor-widget elementor-widget-heading\" data-id=\"e1af475\" data-element_type=\"widget\" data-widget_type=\"heading.default\">\n\t\t\t\t<div class=\"elementor-widget-container\">\n\t\t\t\t\t<h4 class=\"elementor-heading-title elementor-size-default\">About us<\/h4>\t\t\t\t<\/div>\n\t\t\t\t<\/div>\n\t\t\t\t<div class=\"elementor-element elementor-element-a340d6e elementor-widget elementor-widget-text-editor\" data-id=\"a340d6e\" data-element_type=\"widget\" data-widget_type=\"text-editor.default\">\n\t\t\t\t<div class=\"elementor-widget-container\">\n\t\t\t\t\t\t\t\t\tFor over 40 years now, premium classical guitars have been made in our workshop. However, the history of Sato Guitars goes back a lot further than that, taking us all the way back to the 1960s.\n<span style=\"font-size: 15px;\">In 1965 Kazuo began an apprenticeship in Tokio with the master luthier Nobe in Tokio. Six years later, in 1971, Kazuo went on to Oxford\/England to the well known master luthier David Rubio. Under his guidance Kazuo began building lutes and guitars. Subsequently he founded his first workshop in Belgium in 1974. Two years later he relocated to Germany. He continues to come up with new ideas and innovations to drive the development of the traditional classical guitar to this very day. Kazuo\u2018s second passion in life is the photography (<\/span><span style=\"font-size: 15px; text-decoration: underline;\"><a style=\"color: white; text-decoration: underline;\" href=\"https:\/\/www.flickr.com\/photos\/kazuo-sato\/\" target=\"_blank\" rel=\"noopener\">s. Flickr<\/a><\/span><span style=\"font-size: 15px;\">).<\/span>\t\t\t\t\t\t\t\t<\/div>\n\t\t\t\t<\/div>\n\t\t\t\t\t<\/div>\n\t\t<\/div>\n\t\t\t\t\t<\/div>\n\t\t<\/section>\n\t\t\t\t<section class=\"elementor-section elementor-inner-section elementor-element elementor-element-efc670f elementor-section-boxed elementor-section-height-default elementor-section-height-default elementor-invisible\" data-id=\"efc670f\" data-element_type=\"section\" data-settings=\"{&quot;animation&quot;:&quot;fadeIn&quot;}\">\n\t\t\t\t\t\t<div class=\"elementor-container elementor-column-gap-default\">\n\t\t\t\t\t<div class=\"elementor-column elementor-col-100 elementor-inner-column elementor-element elementor-element-790743d\" data-id=\"790743d\" data-element_type=\"column\">\n\t\t\t<div class=\"elementor-widget-wrap elementor-element-populated\">\n\t\t\t\t\t\t<div class=\"elementor-element elementor-element-e1c1049 elementor-widget elementor-widget-image\" data-id=\"e1c1049\" data-element_type=\"widget\" data-widget_type=\"image.default\">\n\t\t\t\t<div class=\"elementor-widget-container\">\n\t\t\t\t\t\t\t\t\t\t\t\t\t\t\t<img decoding=\"async\" src=\"https:\/\/satoguitars.de\/wp-content\/uploads\/2020\/04\/Sato_Guitars_11855-final.jpg\" title=\"Gitarrenbauer Kazuo Sato\" alt=\"Foto: Oliver Dietze--Veroeffentlichung nur nach vorheriger Honorar-Vereinbarung und mit Namensnennung.Oliver Dietze \/\/ +49-(0)177-9761996 \/\/ &#x70;&#x6f;&#x73;&#116;&#64;ol&#x69;&#x76;&#x65;&#x72;&#100;&#105;et&#x7a;&#x65;&#x2e;&#100;&#101; \/\/ USt-ID DE262797891\" loading=\"lazy\" \/>\t\t\t\t\t\t\t\t\t\t\t\t\t\t\t<\/div>\n\t\t\t\t<\/div>\n\t\t\t\t\t<\/div>\n\t\t<\/div>\n\t\t\t\t\t<\/div>\n\t\t<\/section>\n\t\t\t\t<section class=\"elementor-section elementor-inner-section elementor-element elementor-element-8c4401f elementor-section-boxed elementor-section-height-default elementor-section-height-default elementor-invisible\" data-id=\"8c4401f\" data-element_type=\"section\" data-settings=\"{&quot;animation&quot;:&quot;fadeIn&quot;}\">\n\t\t\t\t\t\t<div class=\"elementor-container elementor-column-gap-default\">\n\t\t\t\t\t<div class=\"elementor-column elementor-col-100 elementor-inner-column elementor-element elementor-element-829b598\" data-id=\"829b598\" data-element_type=\"column\">\n\t\t\t<div class=\"elementor-widget-wrap elementor-element-populated\">\n\t\t\t\t\t\t<div class=\"elementor-element elementor-element-9eadb61 elementor-widget elementor-widget-text-editor\" data-id=\"9eadb61\" data-element_type=\"widget\" data-widget_type=\"text-editor.default\">\n\t\t\t\t<div class=\"elementor-widget-container\">\n\t\t\t\t\t\t\t\t\t<h6>His son Hideo who alongside with his brother, Takeo, learned playing guitar with Prof. Ansgar Krause, has pursued the work in the workshop with deep interest already in his early days. Despite his promising career as software researcher in Japan, he decided to devote himself fully to guitar making in 2011. After a couple of years of apprenticeship, he started to build guitars with his father in Germany. Building on his father\u2019s rich experience, he now implements his own ideas in the business. Already his first guitars grabbed the attention of well-known guitarists around the world.<\/br>\nWe enthusiastically support the guitar culture in our region by founding the classical guitar concert series \u201eBest of Guitar\u201c, acting as chair members of the non-profit organization \u201eKultur und Gitarre\u201c, and funding the International Guitar Festival Augsburg.<\/h6>\n<h6>We frequently collaborate with international guitarists in order to further improve the play- and tone characteristics of our guitars and raise them to a new level. In this regards, our most valuable resource has been the worldwide renowned guitarist and professor, <a style=\"color: white; text-decoration: underline;\" href=\"https:\/\/www.takeosato.de\" target=\"_blank\" rel=\"noopener\">Takeo<\/a> , since the beginning of his career.<\/h6>\t\t\t\t\t\t\t\t<\/div>\n\t\t\t\t<\/div>\n\t\t\t\t\t<\/div>\n\t\t<\/div>\n\t\t\t\t\t<\/div>\n\t\t<\/section>\n\t\t\t\t\t<\/div>\n\t\t<\/div>\n\t\t\t\t\t<\/div>\n\t\t<\/section>\n\t\t\t\t<\/div>","protected":false},"excerpt":{"rendered":"<p>\u00dcber uns In unserer Werkstatt werden nun schon seit \u00fcber 40 Jahren klassische Gitarren gefertigt. Die Anf\u00e4nge liegen aber noch fr\u00fcher zur\u00fcck. 1965 begann Kazuo Sato eine Lehre bei Gitarrenbaumeister Nobe in Tokio. Im Jahre 1971 begab er sich zu dem bekannten Meister David Rubio nach Oxford\/England, unter dessen Leitung er \u00fcber 4 Jahre Gitarren [&hellip;]<\/p>","protected":false},"author":1,"featured_media":0,"parent":0,"menu_order":0,"comment_status":"closed","ping_status":"closed","template":"elementor_header_footer","meta":{"site-sidebar-layout":"no-sidebar","site-content-layout":"default","ast-site-content-layout":"","site-content-style":"default","site-sidebar-style":"default","ast-global-header-display":"","ast-banner-title-visibility":"","ast-main-header-display":"","ast-hfb-above-header-display":"","ast-hfb-below-header-display":"","ast-hfb-mobile-header-display":"","site-post-title":"disabled","ast-breadcrumbs-content":"","ast-featured-img":"disabled","footer-sml-layout":"","theme-transparent-header-meta":"enabled","adv-header-id-meta":"","stick-header-meta":"","header-above-stick-meta":"","header-main-stick-meta":"","header-below-stick-meta":"","astra-migrate-meta-layouts":"default","ast-page-background-enabled":"default","ast-page-background-meta":{"desktop":{"background-color":"","background-image":"","background-repeat":"repeat","background-position":"center center","background-size":"auto","background-attachment":"scroll","background-type":"","background-media":"","overlay-type":"","overlay-color":"","overlay-opacity":"","overlay-gradient":""},"tablet":{"background-color":"","background-image":"","background-repeat":"repeat","background-position":"center center","background-size":"auto","background-attachment":"scroll","background-type":"","background-media":"","overlay-type":"","overlay-color":"","overlay-opacity":"","overlay-gradient":""},"mobile":{"background-color":"","background-image":"","background-repeat":"repeat","background-position":"center center","background-size":"auto","background-attachment":"scroll","background-type":"","background-media":"","overlay-type":"","overlay-color":"","overlay-opacity":"","overlay-gradient":""}},"ast-content-background-meta":{"desktop":{"background-color":"var(--ast-global-color-5)","background-image":"","background-repeat":"repeat","background-position":"center center","background-size":"auto","background-attachment":"scroll","background-type":"","background-media":"","overlay-type":"","overlay-color":"","overlay-opacity":"","overlay-gradient":""},"tablet":{"background-color":"var(--ast-global-color-5)","background-image":"","background-repeat":"repeat","background-position":"center center","background-size":"auto","background-attachment":"scroll","background-type":"","background-media":"","overlay-type":"","overlay-color":"","overlay-opacity":"","overlay-gradient":""},"mobile":{"background-color":"var(--ast-global-color-5)","background-image":"","background-repeat":"repeat","background-position":"center center","background-size":"auto","background-attachment":"scroll","background-type":"","background-media":"","overlay-type":"","overlay-color":"","overlay-opacity":"","overlay-gradient":""}},"footnotes":""},"class_list":["post-517","page","type-page","status-publish","hentry"],"yoast_head":"<!-- This site is optimized with the Yoast SEO plugin v24.9 - https:\/\/yoast.com\/wordpress\/plugins\/seo\/ -->\n<title>\u00dcber uns - Sato Guitars<\/title>\n<meta name=\"robots\" content=\"index, follow, max-snippet:-1, max-image-preview:large, max-video-preview:-1\" \/>\n<link rel=\"canonical\" href=\"https:\/\/satoguitars.de\/en\/uber-uns\/\" \/>\n<meta property=\"og:locale\" content=\"en_GB\" \/>\n<meta property=\"og:type\" content=\"article\" \/>\n<meta property=\"og:title\" content=\"\u00dcber uns - Sato Guitars\" \/>\n<meta property=\"og:description\" content=\"\u00dcber uns In unserer Werkstatt werden nun schon seit \u00fcber 40 Jahren klassische Gitarren gefertigt. Die Anf\u00e4nge liegen aber noch fr\u00fcher zur\u00fcck. 1965 begann Kazuo Sato eine Lehre bei Gitarrenbaumeister Nobe in Tokio. Im Jahre 1971 begab er sich zu dem bekannten Meister David Rubio nach Oxford\/England, unter dessen Leitung er \u00fcber 4 Jahre Gitarren [&hellip;]\" \/>\n<meta property=\"og:url\" content=\"https:\/\/satoguitars.de\/en\/uber-uns\/\" \/>\n<meta property=\"og:site_name\" content=\"Sato Guitars\" \/>\n<meta property=\"article:publisher\" content=\"https:\/\/www.facebook.com\/satoguitar\/\" \/>\n<meta property=\"article:modified_time\" content=\"2022-02-11T14:45:06+00:00\" \/>\n<meta property=\"og:image\" content=\"https:\/\/satoguitars.de\/wp-content\/uploads\/2020\/04\/Sato_Guitars_11855-final.jpg\" \/>\n<meta name=\"twitter:card\" content=\"summary_large_image\" \/>\n<meta name=\"twitter:label1\" content=\"Estimated reading time\" \/>\n\t<meta name=\"twitter:data1\" content=\"2 minutes\" \/>\n<script type=\"application\/ld+json\" class=\"yoast-schema-graph\">{\"@context\":\"https:\/\/schema.org\",\"@graph\":[{\"@type\":\"WebPage\",\"@id\":\"https:\/\/satoguitars.de\/uber-uns\",\"url\":\"https:\/\/satoguitars.de\/uber-uns\",\"name\":\"\u00dcber uns - Sato Guitars\",\"isPartOf\":{\"@id\":\"https:\/\/satoguitars.de\/#website\"},\"primaryImageOfPage\":{\"@id\":\"https:\/\/satoguitars.de\/uber-uns#primaryimage\"},\"image\":{\"@id\":\"https:\/\/satoguitars.de\/uber-uns#primaryimage\"},\"thumbnailUrl\":\"https:\/\/satoguitars.de\/wp-content\/uploads\/2020\/04\/Sato_Guitars_11855-final.jpg\",\"datePublished\":\"2020-03-02T22:24:58+00:00\",\"dateModified\":\"2022-02-11T14:45:06+00:00\",\"breadcrumb\":{\"@id\":\"https:\/\/satoguitars.de\/uber-uns#breadcrumb\"},\"inLanguage\":\"en-GB\",\"potentialAction\":[{\"@type\":\"ReadAction\",\"target\":[\"https:\/\/satoguitars.de\/uber-uns\"]}]},{\"@type\":\"ImageObject\",\"inLanguage\":\"en-GB\",\"@id\":\"https:\/\/satoguitars.de\/uber-uns#primaryimage\",\"url\":\"https:\/\/satoguitars.de\/wp-content\/uploads\/2020\/04\/Sato_Guitars_11855-final.jpg\",\"contentUrl\":\"https:\/\/satoguitars.de\/wp-content\/uploads\/2020\/04\/Sato_Guitars_11855-final.jpg\"},{\"@type\":\"BreadcrumbList\",\"@id\":\"https:\/\/satoguitars.de\/uber-uns#breadcrumb\",\"itemListElement\":[{\"@type\":\"ListItem\",\"position\":1,\"name\":\"Startseite\",\"item\":\"https:\/\/satoguitars.de\/\"},{\"@type\":\"ListItem\",\"position\":2,\"name\":\"\u00dcber uns\"}]},{\"@type\":\"WebSite\",\"@id\":\"https:\/\/satoguitars.de\/#website\",\"url\":\"https:\/\/satoguitars.de\/\",\"name\":\"Sato Guitars\",\"description\":\"Atelier\",\"publisher\":{\"@id\":\"https:\/\/satoguitars.de\/#organization\"},\"potentialAction\":[{\"@type\":\"SearchAction\",\"target\":{\"@type\":\"EntryPoint\",\"urlTemplate\":\"https:\/\/satoguitars.de\/?s={search_term_string}\"},\"query-input\":{\"@type\":\"PropertyValueSpecification\",\"valueRequired\":true,\"valueName\":\"search_term_string\"}}],\"inLanguage\":\"en-GB\"},{\"@type\":\"Organization\",\"@id\":\"https:\/\/satoguitars.de\/#organization\",\"name\":\"Sato Guitars\",\"url\":\"https:\/\/satoguitars.de\/\",\"logo\":{\"@type\":\"ImageObject\",\"inLanguage\":\"en-GB\",\"@id\":\"https:\/\/satoguitars.de\/#\/schema\/logo\/image\/\",\"url\":\"https:\/\/satoguitars.de\/wp-content\/uploads\/2020\/04\/Gitarrenlinie-mit-Logo-transparent-Atelier-x2.png\",\"contentUrl\":\"https:\/\/satoguitars.de\/wp-content\/uploads\/2020\/04\/Gitarrenlinie-mit-Logo-transparent-Atelier-x2.png\",\"width\":800,\"height\":222,\"caption\":\"Sato Guitars\"},\"image\":{\"@id\":\"https:\/\/satoguitars.de\/#\/schema\/logo\/image\/\"},\"sameAs\":[\"https:\/\/www.facebook.com\/satoguitar\/\",\"https:\/\/www.youtube.com\/channel\/UCsP8X2yfXgfF_kbww13XtVQ\"]}]}<\/script>\n<!-- \/ Yoast SEO plugin. -->","yoast_head_json":{"title":"\u00dcber uns - Sato Guitars","robots":{"index":"index","follow":"follow","max-snippet":"max-snippet:-1","max-image-preview":"max-image-preview:large","max-video-preview":"max-video-preview:-1"},"canonical":"https:\/\/satoguitars.de\/en\/uber-uns\/","og_locale":"en_GB","og_type":"article","og_title":"\u00dcber uns - Sato Guitars","og_description":"\u00dcber uns In unserer Werkstatt werden nun schon seit \u00fcber 40 Jahren klassische Gitarren gefertigt. Die Anf\u00e4nge liegen aber noch fr\u00fcher zur\u00fcck. 1965 begann Kazuo Sato eine Lehre bei Gitarrenbaumeister Nobe in Tokio. Im Jahre 1971 begab er sich zu dem bekannten Meister David Rubio nach Oxford\/England, unter dessen Leitung er \u00fcber 4 Jahre Gitarren [&hellip;]","og_url":"https:\/\/satoguitars.de\/en\/uber-uns\/","og_site_name":"Sato Guitars","article_publisher":"https:\/\/www.facebook.com\/satoguitar\/","article_modified_time":"2022-02-11T14:45:06+00:00","og_image":[{"url":"https:\/\/satoguitars.de\/wp-content\/uploads\/2020\/04\/Sato_Guitars_11855-final.jpg","type":"","width":"","height":""}],"twitter_card":"summary_large_image","twitter_misc":{"Estimated reading time":"2 minutes"},"schema":{"@context":"https:\/\/schema.org","@graph":[{"@type":"WebPage","@id":"https:\/\/satoguitars.de\/uber-uns","url":"https:\/\/satoguitars.de\/uber-uns","name":"\u00dcber uns - Sato Guitars","isPartOf":{"@id":"https:\/\/satoguitars.de\/#website"},"primaryImageOfPage":{"@id":"https:\/\/satoguitars.de\/uber-uns#primaryimage"},"image":{"@id":"https:\/\/satoguitars.de\/uber-uns#primaryimage"},"thumbnailUrl":"https:\/\/satoguitars.de\/wp-content\/uploads\/2020\/04\/Sato_Guitars_11855-final.jpg","datePublished":"2020-03-02T22:24:58+00:00","dateModified":"2022-02-11T14:45:06+00:00","breadcrumb":{"@id":"https:\/\/satoguitars.de\/uber-uns#breadcrumb"},"inLanguage":"en-GB","potentialAction":[{"@type":"ReadAction","target":["https:\/\/satoguitars.de\/uber-uns"]}]},{"@type":"ImageObject","inLanguage":"en-GB","@id":"https:\/\/satoguitars.de\/uber-uns#primaryimage","url":"https:\/\/satoguitars.de\/wp-content\/uploads\/2020\/04\/Sato_Guitars_11855-final.jpg","contentUrl":"https:\/\/satoguitars.de\/wp-content\/uploads\/2020\/04\/Sato_Guitars_11855-final.jpg"},{"@type":"BreadcrumbList","@id":"https:\/\/satoguitars.de\/uber-uns#breadcrumb","itemListElement":[{"@type":"ListItem","position":1,"name":"Startseite","item":"https:\/\/satoguitars.de\/"},{"@type":"ListItem","position":2,"name":"\u00dcber uns"}]},{"@type":"WebSite","@id":"https:\/\/satoguitars.de\/#website","url":"https:\/\/satoguitars.de\/","name":"Sato Guitars","description":"Atelier","publisher":{"@id":"https:\/\/satoguitars.de\/#organization"},"potentialAction":[{"@type":"SearchAction","target":{"@type":"EntryPoint","urlTemplate":"https:\/\/satoguitars.de\/?s={search_term_string}"},"query-input":{"@type":"PropertyValueSpecification","valueRequired":true,"valueName":"search_term_string"}}],"inLanguage":"en-GB"},{"@type":"Organization","@id":"https:\/\/satoguitars.de\/#organization","name":"Sato Guitars","url":"https:\/\/satoguitars.de\/","logo":{"@type":"ImageObject","inLanguage":"en-GB","@id":"https:\/\/satoguitars.de\/#\/schema\/logo\/image\/","url":"https:\/\/satoguitars.de\/wp-content\/uploads\/2020\/04\/Gitarrenlinie-mit-Logo-transparent-Atelier-x2.png","contentUrl":"https:\/\/satoguitars.de\/wp-content\/uploads\/2020\/04\/Gitarrenlinie-mit-Logo-transparent-Atelier-x2.png","width":800,"height":222,"caption":"Sato Guitars"},"image":{"@id":"https:\/\/satoguitars.de\/#\/schema\/logo\/image\/"},"sameAs":["https:\/\/www.facebook.com\/satoguitar\/","https:\/\/www.youtube.com\/channel\/UCsP8X2yfXgfF_kbww13XtVQ"]}]}},"_links":{"self":[{"href":"https:\/\/satoguitars.de\/en\/wp-json\/wp\/v2\/pages\/517","targetHints":{"allow":["GET"]}}],"collection":[{"href":"https:\/\/satoguitars.de\/en\/wp-json\/wp\/v2\/pages"}],"about":[{"href":"https:\/\/satoguitars.de\/en\/wp-json\/wp\/v2\/types\/page"}],"author":[{"embeddable":true,"href":"https:\/\/satoguitars.de\/en\/wp-json\/wp\/v2\/users\/1"}],"replies":[{"embeddable":true,"href":"https:\/\/satoguitars.de\/en\/wp-json\/wp\/v2\/comments?post=517"}],"version-history":[{"count":233,"href":"https:\/\/satoguitars.de\/en\/wp-json\/wp\/v2\/pages\/517\/revisions"}],"predecessor-version":[{"id":1512,"href":"https:\/\/satoguitars.de\/en\/wp-json\/wp\/v2\/pages\/517\/revisions\/1512"}],"wp:attachment":[{"href":"https:\/\/satoguitars.de\/en\/wp-json\/wp\/v2\/media?parent=517"}],"curies":[{"name":"wp","href":"https:\/\/api.w.org\/{rel}","templated":true}]}}